{"id":3413,"date":"2025-12-08T16:25:33","date_gmt":"2025-12-08T16:25:33","guid":{"rendered":"https:\/\/vish-unik.spontan.agency\/?page_id=3413"},"modified":"2025-12-08T16:25:34","modified_gmt":"2025-12-08T16:25:34","slug":"termat-dhe-kushtet-e-blerjes-vish-unik","status":"publish","type":"page","link":"https:\/\/vish-unik.spontan.agency\/?page_id=3413","title":{"rendered":"TERMAT DHE KUSHTET E BLERJES \u2013 VISH UNIK"},"content":{"rendered":"\n<p>Mir\u00eb se vini n\u00eb platform\u00ebn e-commerce t\u00eb VISH Unik. Ju lutemi lexoni me kujdes Termat dhe Kushtet e Blerjes para se t\u00eb kryeni nj\u00eb porosi. Duke b\u00ebr\u00eb nj\u00eb blerje n\u00eb k\u00ebt\u00eb faqe, ju pranoni k\u00ebto kushte.<\/p>\n\n\n\n<p><strong>Operatori i faqes:<\/strong><\/p>\n\n\n\n<p>VISH Unik sh.p.k<\/p>\n\n\n\n<p>NIPT: M52311023I<\/p>\n\n\n\n<p>Adresa: Rr. E Kavaj\u00ebs, Tiran\u00eb, Shqip\u00ebri<\/p>\n\n\n\n<p>Email: vishunikshpk@gmail.com<\/p>\n\n\n\n<p>Telefon: +355675222111<\/p>\n\n\n\n<p>K\u00ebto Kushte rregullojn\u00eb marr\u00ebdh\u00ebnien midis VISH Unik dhe bler\u00ebsve n\u00eb Republik\u00ebn e Shqip\u00ebris\u00eb, n\u00eb p\u00ebrputhje me:<\/p>\n\n\n\n<p>\u2022 Ligjin Nr. 9902\/2008 \u201cP\u00ebr Mbrojtjen e Konsumator\u00ebve\u201d, i ndryshuar<\/p>\n\n\n\n<p>\u2022 Ligjin Nr. 44\/2015 \u201cKodi i Procedurave Administrative\u201d<\/p>\n\n\n\n<p>\u2022 Legjislacionin mbi shitjet online dhe tregtin\u00eb elektronike<\/p>\n\n\n\n<p><strong>2. Produktet dhe Personalizimi<\/strong><\/p>\n\n\n\n<p>VISH Unik ofron:<\/p>\n\n\n\n<p>\u2022 produkte standarde (veshje t\u00eb gatshme),<\/p>\n\n\n\n<p>\u2022 produkte t\u00eb personalizuara me qendisje sipas k\u00ebrkes\u00ebs s\u00eb klientit.<\/p>\n\n\n\n<p>2.1. Produktet e personalizuara<\/p>\n\n\n\n<p>Produkt i personalizuar konsiderohet \u00e7do artikull i ndryshuar sipas k\u00ebrkes\u00ebs s\u00eb klientit (em\u00ebr, iniciale, dizajn, ngjyra, madh\u00ebsi specifike etj.).<\/p>\n\n\n\n<p>K\u00ebto produkte NUK mund t\u00eb kthehen ose rimbursohen, sipas nenit p\u00ebrjashtues t\u00eb t\u00eb drejt\u00ebs s\u00eb t\u00ebrheqjes t\u00eb Ligjit p\u00ebr Mbrojtjen e Konsumatorit, pasi realizohen posa\u00e7\u00ebrisht p\u00ebr porosit\u00eb individuale.<\/p>\n\n\n\n<p>VISH Unik do t\u00eb d\u00ebrgoj\u00eb p\u00ebrpara prodhimit nj\u00eb preview\/provim dizajni, n\u00eb cdo blerje t\u00eb personalizuar.<\/p>\n\n\n\n<p><strong>3. Procesi i Blerjes<\/strong><\/p>\n\n\n\n<p>1. Klienti zgjedh produktin dhe personalizimin.<\/p>\n\n\n\n<p>2. Kryen pages\u00ebn n\u00eb rastet e pages\u00ebs me kart\u00eb ose transfert\u00eb bankare.<\/p>\n\n\n\n<p>3. VISH Unik konfirmon porosin\u00eb me email ku p\u00ebrfshihet dhe foto se si do duket produkti p\u00ebrfundimtar I zgjedhur nga klienti.<\/p>\n\n\n\n<p>4. P\u00ebr produktet e personalizuara, nis prodhimi vet\u00ebm pas konfirmimit t\u00eb preview dhe pages\u00ebs n\u00eb rastet e pages\u00ebs me kart\u00eb ose transfert\u00eb bankare.<\/p>\n\n\n\n<p><strong>4. \u00c7mimet dhe Pagesat<\/strong><\/p>\n\n\n\n<p>\u2022 T\u00eb gjitha \u00e7mimet jan\u00eb n\u00eb Lek\u00eb (ALL) dhe p\u00ebrfshijn\u00eb TVSH.<\/p>\n\n\n\n<p>\u2022 Metodat e pages\u00ebs:<\/p>\n\n\n\n<p>\u2022 Kart\u00eb bankare<\/p>\n\n\n\n<p>\u2022 Transfert\u00eb bankare<\/p>\n\n\n\n<p>\u2022 Me dor\u00ebzim<\/p>\n\n\n\n<p>N\u00eb rast gabimeve teknike n\u00eb \u00e7mime ose informacion, VISH Unik rezervon t\u00eb drejt\u00ebn t&#8217;i korrigjoj\u00eb ato dhe t\u00eb njoftoj\u00eb klientin.<\/p>\n\n\n\n<p><strong>5. Koha e Prodhimit dhe D\u00ebrgesa<\/strong><\/p>\n\n\n\n<p>\u2022 Produktet standarde d\u00ebrgohen brenda 1\u20133 dit\u00ebsh pune.<\/p>\n\n\n\n<p>\u2022 Produktet e personalizuara prodhohen zakonisht brenda 3\u20137 dit\u00ebsh pune, por afati mund t\u00eb ndryshoj\u00eb sipas kompleksitetit.<\/p>\n\n\n\n<p>D\u00ebrgesat kryhen p\u00ebrmes operator\u00ebve t\u00eb licencuar lokal\u00eb t\u00eb shp\u00ebrndarjes.<\/p>\n\n\n\n<p><strong>6. E Drejta e T\u00ebrheqjes (Anullimi)<\/strong><\/p>\n\n\n\n<p><strong>6.1. Produktet standarde<\/strong><\/p>\n\n\n\n<p>Konsumatori ka t\u00eb drejt\u00eb t\u00eb t\u00ebrhiqet brenda 14 dit\u00ebve nga marrja e produktit, pa dh\u00ebn\u00eb arsye.<\/p>\n\n\n\n<p>Produktet duhet t\u00eb jen\u00eb:<\/p>\n\n\n\n<p>\u2022 t\u00eb pap\u00ebrdorura,<\/p>\n\n\n\n<p>\u2022 n\u00eb gjendje t\u00eb p\u00ebrsosur,<\/p>\n\n\n\n<p>\u2022 me etiketat origjinale.<\/p>\n\n\n\n<p><strong>6.2. Produktet e personalizuara<\/strong><\/p>\n\n\n\n<p>\u2757 T\u00eb drejt\u00eb t\u00ebrheqjeje NUK ka, pasi prodhimi fillon sipas specifikimeve t\u00eb klientit.<\/p>\n\n\n\n<p>Anullimi \u00ebsht\u00eb i mundur vet\u00ebm para se t\u00eb konfirmoj\u00eb preview p\u00ebrfundimtar qe do i vij\u00eb me e-mail.<\/p>\n\n\n\n<p><strong><u>7. Kthimi dhe Rimbursimi<\/u><\/strong><\/p>\n\n\n\n<p>Kthimet pranohen vet\u00ebm p\u00ebr:<\/p>\n\n\n\n<p>\u2022 d\u00ebrgim t\u00eb gabuar,<\/p>\n\n\n\n<p>\u2022 defekt prodhimi,<\/p>\n\n\n\n<p>\u2022 d\u00ebmtim gjat\u00eb transportit.<\/p>\n\n\n\n<p>N\u00eb raste t\u00eb tilla:<\/p>\n\n\n\n<p>\u2022 klienti duhet t\u00eb njoftoj\u00eb brenda 48 or\u00ebve,<\/p>\n\n\n\n<p>\u2022 t\u00eb d\u00ebrgoj\u00eb foto t\u00eb qarta t\u00eb produktit,<\/p>\n\n\n\n<p>\u2022 VISH Unik organizon z\u00ebvend\u00ebsimin ose rimbursimin.<\/p>\n\n\n\n<p>Rimbursimi kryhet brenda 14 dit\u00ebve nga miratimi i k\u00ebrkes\u00ebs.<\/p>\n\n\n\n<p><strong><u>8. P\u00ebrgjegj\u00ebsit\u00eb e Klientit<\/u><\/strong><\/p>\n\n\n\n<p>Klienti \u00ebsht\u00eb p\u00ebrgjegj\u00ebs p\u00ebr:<\/p>\n\n\n\n<p>\u2022 dh\u00ebnien e t\u00eb dh\u00ebnave t\u00eb sakta t\u00eb personalizimit,<\/p>\n\n\n\n<p>\u2022 adres\u00ebn e sakt\u00eb t\u00eb d\u00ebrges\u00ebs,<\/p>\n\n\n\n<p>\u2022 mbrojtjen e llogaris\u00eb s\u00eb tij n\u00eb platform\u00eb.<\/p>\n\n\n\n<p>VISH Unik nuk mban p\u00ebrgjegj\u00ebsi p\u00ebr porosi t\u00eb humbura p\u00ebr shkak t\u00eb informacionit t\u00eb pasakt\u00eb.<\/p>\n\n\n\n<p><strong>9. Mbrojtja e t\u00eb Dh\u00ebnave Personale (GDPR \/ Ligji Shqiptar p\u00ebr DP)<\/strong><\/p>\n\n\n\n<p>T\u00eb dh\u00ebnat personale p\u00ebrdoren vet\u00ebm p\u00ebr:<\/p>\n\n\n\n<p>\u2022 p\u00ebrpunimin e porosis\u00eb,<\/p>\n\n\n\n<p>\u2022 logjistik\u00ebn e d\u00ebrgesave,<\/p>\n\n\n\n<p>\u2022 komunikimin me klientin.<\/p>\n\n\n\n<p>Nuk shp\u00ebrndahen te pal\u00eb t\u00eb treta p\u00ebr marketing pa p\u00eblqimin e konsumatorit.<\/p>\n\n\n\n<p><strong>10. Pron\u00ebsia Intelektuale<\/strong><\/p>\n\n\n\n<p>T\u00eb gjitha dizajnet, qendisjet, grafikat, fotografit\u00eb dhe p\u00ebrmbajtjet e faqes jan\u00eb pron\u00eb e VISH Unik dhe nuk mund t\u00eb kopjohen ose rip\u00ebrdoren pa leje me shkrim.<\/p>\n\n\n\n<p>VISH Unik nuk p\u00ebrdor, nuk p\u00ebrpunon dhe nuk prodhon produkte me foto, logo, marka tregtare ose element\u00eb t\u00eb tjer\u00eb t\u00eb mbrojtur ligj\u00ebrisht, pa miratimin e qart\u00eb dhe me shkrim t\u00eb zot\u00ebruesit t\u00eb t\u00eb drejtave. \u00c7do material i till\u00eb duhet t\u00eb dor\u00ebzohet nga klienti me garancin\u00eb se ai\/ajo ka t\u00eb drejtat p\u00ebrkat\u00ebse t\u00eb p\u00ebrdorimit.<\/p>\n\n\n\n<p><strong>11. Forca Madhore<\/strong><\/p>\n\n\n\n<p>VISH Unik nuk mban p\u00ebrgjegj\u00ebsi p\u00ebr vonesa t\u00eb shkaktuara nga rrethana jasht\u00eb kontrollit t\u00eb tij (goditje natyrore, bllokime transporti, nd\u00ebrprerje energjie, etj.).<\/p>\n\n\n\n<p><strong>12. Ligji i Zbatuesh\u00ebm dhe Juridiksioni<\/strong><\/p>\n\n\n\n<p>K\u00ebto kushte rregullohen nga legjislacioni shqiptar.<\/p>\n\n\n\n<p>\u00c7do mosmarr\u00ebveshje i n\u00ebnshtrohet gjykatave t\u00eb Republik\u00ebs s\u00eb Shqip\u00ebris\u00eb.<\/p>\n","protected":false},"excerpt":{"rendered":"<p>Mir\u00eb se vini n\u00eb platform\u00ebn e-commerce t\u00eb VISH Unik. Ju lutemi lexoni me kujdes Termat dhe Kushtet e Blerjes para se t\u00eb kryeni nj\u00eb porosi. Duke b\u00ebr\u00eb nj\u00eb blerje n\u00eb k\u00ebt\u00eb faqe, ju pranoni k\u00ebto kushte. Operatori i faqes: VISH Unik sh.p.k NIPT: M52311023I Adresa: Rr. E Kavaj\u00ebs, Tiran\u00eb, Shqip\u00ebri Email: vishunikshpk@gmail.com Telefon: +355675222111 K\u00ebto [&hellip;]<\/p>\n","protected":false},"author":1,"featured_media":0,"parent":0,"menu_order":0,"comment_status":"closed","ping_status":"closed","template":"","meta":{"footnotes":""},"class_list":["post-3413","page","type-page","status-publish","hentry"],"_links":{"self":[{"href":"https:\/\/vish-unik.spontan.agency\/index.php?rest_route=\/wp\/v2\/pages\/3413","targetHints":{"allow":["GET"]}}],"collection":[{"href":"https:\/\/vish-unik.spontan.agency\/index.php?rest_route=\/wp\/v2\/pages"}],"about":[{"href":"https:\/\/vish-unik.spontan.agency\/index.php?rest_route=\/wp\/v2\/types\/page"}],"author":[{"embeddable":true,"href":"https:\/\/vish-unik.spontan.agency\/index.php?rest_route=\/wp\/v2\/users\/1"}],"replies":[{"embeddable":true,"href":"https:\/\/vish-unik.spontan.agency\/index.php?rest_route=%2Fwp%2Fv2%2Fcomments&post=3413"}],"version-history":[{"count":1,"href":"https:\/\/vish-unik.spontan.agency\/index.php?rest_route=\/wp\/v2\/pages\/3413\/revisions"}],"predecessor-version":[{"id":3414,"href":"https:\/\/vish-unik.spontan.agency\/index.php?rest_route=\/wp\/v2\/pages\/3413\/revisions\/3414"}],"wp:attachment":[{"href":"https:\/\/vish-unik.spontan.agency\/index.php?rest_route=%2Fwp%2Fv2%2Fmedia&parent=3413"}],"curies":[{"name":"wp","href":"https:\/\/api.w.org\/{rel}","templated":true}]}}